{"id":187893,"date":"2025-01-10T11:35:09","date_gmt":"2025-01-10T10:35:09","guid":{"rendered":"https:\/\/antique-jewellery.de\/um-1900-plique-a-jour-jugenstilcollier-von-depose-levinger-1295\/"},"modified":"2026-03-06T09:13:53","modified_gmt":"2026-03-06T08:13:53","slug":"ca-1900-plique-a-jour-jugenstil-necklace-by-depose-levinger","status":"publish","type":"product","link":"https:\/\/antique-jewellery.de\/en\/ca-1900-plique-a-jour-jugenstil-necklace-by-depose-levinger\/","title":{"rendered":"Ca. 1900 &#8211; Plique-\u00e0-jour Jugenstil Necklace by D\u00e9pos\u00e9 Levinger"},"content":{"rendered":"","protected":false},"excerpt":{"rendered":"<p>Necklace \u2013 830 silver<br \/>\nWindow enamel (Plique-\u00e0-jour)<br \/>\nFaceted glass.<br \/>\n1 baroque pearl<br \/>\nSigned: D\u00e9pos\u00e9. This work is attributed to Heinrich Levinger. This piece was made for the French market.<br \/>\nArt Nouveau \u2013 Pforzheim, Germany approx. 1900<br \/>\nChain length: ca. 58,0 cm (22.83 inches)<br \/>\nPendant sizes: ca. 5,0 x 5,7 cm (1.97 x 2.24 inches)<br \/>\nSmaller chain elements sizes: each ca. 1,3 x 2,5 cm (0.51 x 0.98 inches)<br \/>\nWeight: ca. 13,9 g<br \/>\nProduct No.: 1295<\/p>\n","protected":false},"featured_media":175214,"template":"","meta":{"_acf_changed":false},"product_brand":[],"product_cat":[637],"product_tag":[652,656,668,674,685,702,711],"class_list":{"0":"post-187893","1":"product","2":"type-product","3":"status-publish","4":"has-post-thumbnail","6":"product_cat-antique-necklaces","7":"product_tag-epoch-antique-jewellery","8":"product_tag-epoch-art-nouveau","9":"product_tag-material-enamel","10":"product_tag-material-glass","11":"product_tag-natal-stones-june-moonstone-and-pearl","12":"product_tag-material-coral-and-pearls","13":"product_tag-material-silver","14":"product_shipping_class-kostenloser-versand","16":"first","17":"instock","18":"sold-individually","19":"shipping-taxable","20":"purchasable","21":"product-type-simple"},"acf":[],"yoast_head":"<!-- This site is optimized with the Yoast SEO plugin v27.1.1 - https:\/\/yoast.com\/product\/yoast-seo-wordpress\/ -->\n<title>Buy Ca. 1900 - Plique-\u00e0-jour Jugenstil Necklace by D\u00e9pos\u00e9 Levinger | RHEINFRANK ANTIQUE JEWELLERY \u2022 Munich \u2022 Berlin \u2022 Engagement rings \u2022 Wedding rings<\/title>\n<meta name=\"description\" content=\"Buy Ca. 1900 - Plique-\u00e0-jour Jugenstil Necklace by D\u00e9pos\u00e9 Levinger at RHEINFRANK ANTIQUE JEWELLERY. Available online now, directly from Munich &amp; Berlin.\" \/>\n<meta name=\"robots\" content=\"index, follow, max-snippet:-1, max-image-preview:large, max-video-preview:-1\" \/>\n<link rel=\"canonical\" href=\"https:\/\/antique-jewellery.de\/en\/ca-1900-plique-a-jour-jugenstil-necklace-by-depose-levinger\/\" \/>\n<meta property=\"og:locale\" content=\"en_US\" \/>\n<meta property=\"og:type\" content=\"article\" \/>\n<meta property=\"og:title\" content=\"Buy Ca. 1900 - Plique-\u00e0-jour Jugenstil Necklace by D\u00e9pos\u00e9 Levinger | RHEINFRANK ANTIQUE JEWELLERY \u2022 Munich \u2022 Berlin \u2022 Engagement rings \u2022 Wedding rings\" \/>\n<meta property=\"og:description\" content=\"Buy Ca. 1900 - Plique-\u00e0-jour Jugenstil Necklace by D\u00e9pos\u00e9 Levinger at RHEINFRANK ANTIQUE JEWELLERY. Available online now, directly from Munich &amp; Berlin.\" \/>\n<meta property=\"og:url\" content=\"https:\/\/antique-jewellery.de\/en\/ca-1900-plique-a-jour-jugenstil-necklace-by-depose-levinger\/\" \/>\n<meta property=\"og:site_name\" content=\"RHEINFRANK - Antique Jewellery\" \/>\n<meta property=\"article:publisher\" content=\"https:\/\/www.facebook.com\/rheinfrankantiquejewellery\/\" \/>\n<meta property=\"article:modified_time\" content=\"2026-03-06T08:13:53+00:00\" \/>\n<meta property=\"og:image\" content=\"https:\/\/antique-jewellery.de\/wp-content\/uploads\/2026\/02\/Antique-Jewelry-Berlin-1295.jpg\" \/>\n\t<meta property=\"og:image:width\" content=\"1124\" \/>\n\t<meta property=\"og:image:height\" content=\"1686\" \/>\n\t<meta property=\"og:image:type\" content=\"image\/jpeg\" \/>\n<meta name=\"twitter:card\" content=\"summary_large_image\" \/>\n<script type=\"application\/ld+json\" class=\"yoast-schema-graph\">{\"@context\":\"https:\/\/schema.org\",\"@graph\":[{\"@type\":\"WebPage\",\"@id\":\"https:\/\/antique-jewellery.de\/en\/ca-1900-plique-a-jour-jugenstil-necklace-by-depose-levinger\/\",\"url\":\"https:\/\/antique-jewellery.de\/en\/ca-1900-plique-a-jour-jugenstil-necklace-by-depose-levinger\/\",\"name\":\"Buy Ca. 1900 - Plique-\u00e0-jour Jugenstil Necklace by D\u00e9pos\u00e9 Levinger | RHEINFRANK ANTIQUE JEWELLERY \u2022 Munich \u2022 Berlin \u2022 Engagement rings \u2022 Wedding rings\",\"isPartOf\":{\"@id\":\"https:\/\/antique-jewellery.de\/en\/#website\"},\"primaryImageOfPage\":{\"@id\":\"https:\/\/antique-jewellery.de\/en\/ca-1900-plique-a-jour-jugenstil-necklace-by-depose-levinger\/#primaryimage\"},\"image\":{\"@id\":\"https:\/\/antique-jewellery.de\/en\/ca-1900-plique-a-jour-jugenstil-necklace-by-depose-levinger\/#primaryimage\"},\"thumbnailUrl\":\"https:\/\/antique-jewellery.de\/wp-content\/uploads\/2026\/02\/Antique-Jewelry-Berlin-1295.jpg\",\"datePublished\":\"2025-01-10T10:35:09+00:00\",\"dateModified\":\"2026-03-06T08:13:53+00:00\",\"description\":\"Buy Ca. 1900 - Plique-\u00e0-jour Jugenstil Necklace by D\u00e9pos\u00e9 Levinger at RHEINFRANK ANTIQUE JEWELLERY. Available online now, directly from Munich & Berlin.\",\"breadcrumb\":{\"@id\":\"https:\/\/antique-jewellery.de\/en\/ca-1900-plique-a-jour-jugenstil-necklace-by-depose-levinger\/#breadcrumb\"},\"inLanguage\":\"en-US\",\"potentialAction\":[{\"@type\":\"ReadAction\",\"target\":[\"https:\/\/antique-jewellery.de\/en\/ca-1900-plique-a-jour-jugenstil-necklace-by-depose-levinger\/\"]}]},{\"@type\":\"ImageObject\",\"inLanguage\":\"en-US\",\"@id\":\"https:\/\/antique-jewellery.de\/en\/ca-1900-plique-a-jour-jugenstil-necklace-by-depose-levinger\/#primaryimage\",\"url\":\"https:\/\/antique-jewellery.de\/wp-content\/uploads\/2026\/02\/Antique-Jewelry-Berlin-1295.jpg\",\"contentUrl\":\"https:\/\/antique-jewellery.de\/wp-content\/uploads\/2026\/02\/Antique-Jewelry-Berlin-1295.jpg\",\"width\":1124,\"height\":1686,\"caption\":\"Jugendstil Collier mit Emaille aus 830er Silber\"},{\"@type\":\"BreadcrumbList\",\"@id\":\"https:\/\/antique-jewellery.de\/en\/ca-1900-plique-a-jour-jugenstil-necklace-by-depose-levinger\/#breadcrumb\",\"itemListElement\":[{\"@type\":\"ListItem\",\"position\":1,\"name\":\"Home\",\"item\":\"https:\/\/antique-jewellery.de\/en\/\"},{\"@type\":\"ListItem\",\"position\":2,\"name\":\"Shop\",\"item\":\"https:\/\/antique-jewellery.de\/en\/shop\/\"},{\"@type\":\"ListItem\",\"position\":3,\"name\":\"Ca. 1900 &#8211; Plique-\u00e0-jour Jugenstil Necklace by D\u00e9pos\u00e9 Levinger\"}]},{\"@type\":\"WebSite\",\"@id\":\"https:\/\/antique-jewellery.de\/en\/#website\",\"url\":\"https:\/\/antique-jewellery.de\/en\/\",\"name\":\"RHEINFRANK \u2013 ANTIQUE JEWELLERY \u00b7 Verlobungsringe \u00b7 Eheringe\",\"description\":\"antique &amp; vintage jewellery\",\"publisher\":{\"@id\":\"https:\/\/antique-jewellery.de\/en\/#organization\"},\"potentialAction\":[{\"@type\":\"SearchAction\",\"target\":{\"@type\":\"EntryPoint\",\"urlTemplate\":\"https:\/\/antique-jewellery.de\/en\/?s={search_term_string}\"},\"query-input\":{\"@type\":\"PropertyValueSpecification\",\"valueRequired\":true,\"valueName\":\"search_term_string\"}}],\"inLanguage\":\"en-US\"},{\"@type\":\"Organization\",\"@id\":\"https:\/\/antique-jewellery.de\/en\/#organization\",\"name\":\"RHEINFRANK \u2013 ANTIQUE JEWELLERY \u00b7 Verlobungsringe \u00b7 Eheringe\",\"url\":\"https:\/\/antique-jewellery.de\/en\/\",\"logo\":{\"@type\":\"ImageObject\",\"inLanguage\":\"en-US\",\"@id\":\"https:\/\/antique-jewellery.de\/en\/#\/schema\/logo\/image\/\",\"url\":\"https:\/\/antique-jewellery.de\/wp-content\/uploads\/Rheinfrank-Anttique-Jewellery-hr2.webp\",\"contentUrl\":\"https:\/\/antique-jewellery.de\/wp-content\/uploads\/Rheinfrank-Anttique-Jewellery-hr2.webp\",\"width\":769,\"height\":140,\"caption\":\"RHEINFRANK \u2013 ANTIQUE JEWELLERY \u00b7 Verlobungsringe \u00b7 Eheringe\"},\"image\":{\"@id\":\"https:\/\/antique-jewellery.de\/en\/#\/schema\/logo\/image\/\"},\"sameAs\":[\"https:\/\/www.facebook.com\/rheinfrankantiquejewellery\/\",\"https:\/\/www.instagram.com\/rheinfrank_antique_jewellery\/#\"]}]}<\/script>\n<!-- \/ Yoast SEO plugin. -->","yoast_head_json":{"title":"Buy Ca. 1900 - Plique-\u00e0-jour Jugenstil Necklace by D\u00e9pos\u00e9 Levinger | RHEINFRANK ANTIQUE JEWELLERY \u2022 Munich \u2022 Berlin \u2022 Engagement rings \u2022 Wedding rings","description":"Buy Ca. 1900 - Plique-\u00e0-jour Jugenstil Necklace by D\u00e9pos\u00e9 Levinger at RHEINFRANK ANTIQUE JEWELLERY. Available online now, directly from Munich & Berlin.","robots":{"index":"index","follow":"follow","max-snippet":"max-snippet:-1","max-image-preview":"max-image-preview:large","max-video-preview":"max-video-preview:-1"},"canonical":"https:\/\/antique-jewellery.de\/en\/ca-1900-plique-a-jour-jugenstil-necklace-by-depose-levinger\/","og_locale":"en_US","og_type":"article","og_title":"Buy Ca. 1900 - Plique-\u00e0-jour Jugenstil Necklace by D\u00e9pos\u00e9 Levinger | RHEINFRANK ANTIQUE JEWELLERY \u2022 Munich \u2022 Berlin \u2022 Engagement rings \u2022 Wedding rings","og_description":"Buy Ca. 1900 - Plique-\u00e0-jour Jugenstil Necklace by D\u00e9pos\u00e9 Levinger at RHEINFRANK ANTIQUE JEWELLERY. Available online now, directly from Munich & Berlin.","og_url":"https:\/\/antique-jewellery.de\/en\/ca-1900-plique-a-jour-jugenstil-necklace-by-depose-levinger\/","og_site_name":"RHEINFRANK - Antique Jewellery","article_publisher":"https:\/\/www.facebook.com\/rheinfrankantiquejewellery\/","article_modified_time":"2026-03-06T08:13:53+00:00","og_image":[{"width":1124,"height":1686,"url":"https:\/\/antique-jewellery.de\/wp-content\/uploads\/2026\/02\/Antique-Jewelry-Berlin-1295.jpg","type":"image\/jpeg"}],"twitter_card":"summary_large_image","schema":{"@context":"https:\/\/schema.org","@graph":[{"@type":"WebPage","@id":"https:\/\/antique-jewellery.de\/en\/ca-1900-plique-a-jour-jugenstil-necklace-by-depose-levinger\/","url":"https:\/\/antique-jewellery.de\/en\/ca-1900-plique-a-jour-jugenstil-necklace-by-depose-levinger\/","name":"Buy Ca. 1900 - Plique-\u00e0-jour Jugenstil Necklace by D\u00e9pos\u00e9 Levinger | RHEINFRANK ANTIQUE JEWELLERY \u2022 Munich \u2022 Berlin \u2022 Engagement rings \u2022 Wedding rings","isPartOf":{"@id":"https:\/\/antique-jewellery.de\/en\/#website"},"primaryImageOfPage":{"@id":"https:\/\/antique-jewellery.de\/en\/ca-1900-plique-a-jour-jugenstil-necklace-by-depose-levinger\/#primaryimage"},"image":{"@id":"https:\/\/antique-jewellery.de\/en\/ca-1900-plique-a-jour-jugenstil-necklace-by-depose-levinger\/#primaryimage"},"thumbnailUrl":"https:\/\/antique-jewellery.de\/wp-content\/uploads\/2026\/02\/Antique-Jewelry-Berlin-1295.jpg","datePublished":"2025-01-10T10:35:09+00:00","dateModified":"2026-03-06T08:13:53+00:00","description":"Buy Ca. 1900 - Plique-\u00e0-jour Jugenstil Necklace by D\u00e9pos\u00e9 Levinger at RHEINFRANK ANTIQUE JEWELLERY. Available online now, directly from Munich & Berlin.","breadcrumb":{"@id":"https:\/\/antique-jewellery.de\/en\/ca-1900-plique-a-jour-jugenstil-necklace-by-depose-levinger\/#breadcrumb"},"inLanguage":"en-US","potentialAction":[{"@type":"ReadAction","target":["https:\/\/antique-jewellery.de\/en\/ca-1900-plique-a-jour-jugenstil-necklace-by-depose-levinger\/"]}]},{"@type":"ImageObject","inLanguage":"en-US","@id":"https:\/\/antique-jewellery.de\/en\/ca-1900-plique-a-jour-jugenstil-necklace-by-depose-levinger\/#primaryimage","url":"https:\/\/antique-jewellery.de\/wp-content\/uploads\/2026\/02\/Antique-Jewelry-Berlin-1295.jpg","contentUrl":"https:\/\/antique-jewellery.de\/wp-content\/uploads\/2026\/02\/Antique-Jewelry-Berlin-1295.jpg","width":1124,"height":1686,"caption":"Jugendstil Collier mit Emaille aus 830er Silber"},{"@type":"BreadcrumbList","@id":"https:\/\/antique-jewellery.de\/en\/ca-1900-plique-a-jour-jugenstil-necklace-by-depose-levinger\/#breadcrumb","itemListElement":[{"@type":"ListItem","position":1,"name":"Home","item":"https:\/\/antique-jewellery.de\/en\/"},{"@type":"ListItem","position":2,"name":"Shop","item":"https:\/\/antique-jewellery.de\/en\/shop\/"},{"@type":"ListItem","position":3,"name":"Ca. 1900 &#8211; Plique-\u00e0-jour Jugenstil Necklace by D\u00e9pos\u00e9 Levinger"}]},{"@type":"WebSite","@id":"https:\/\/antique-jewellery.de\/en\/#website","url":"https:\/\/antique-jewellery.de\/en\/","name":"RHEINFRANK \u2013 ANTIQUE JEWELLERY \u00b7 Verlobungsringe \u00b7 Eheringe","description":"antique &amp; vintage jewellery","publisher":{"@id":"https:\/\/antique-jewellery.de\/en\/#organization"},"potentialAction":[{"@type":"SearchAction","target":{"@type":"EntryPoint","urlTemplate":"https:\/\/antique-jewellery.de\/en\/?s={search_term_string}"},"query-input":{"@type":"PropertyValueSpecification","valueRequired":true,"valueName":"search_term_string"}}],"inLanguage":"en-US"},{"@type":"Organization","@id":"https:\/\/antique-jewellery.de\/en\/#organization","name":"RHEINFRANK \u2013 ANTIQUE JEWELLERY \u00b7 Verlobungsringe \u00b7 Eheringe","url":"https:\/\/antique-jewellery.de\/en\/","logo":{"@type":"ImageObject","inLanguage":"en-US","@id":"https:\/\/antique-jewellery.de\/en\/#\/schema\/logo\/image\/","url":"https:\/\/antique-jewellery.de\/wp-content\/uploads\/Rheinfrank-Anttique-Jewellery-hr2.webp","contentUrl":"https:\/\/antique-jewellery.de\/wp-content\/uploads\/Rheinfrank-Anttique-Jewellery-hr2.webp","width":769,"height":140,"caption":"RHEINFRANK \u2013 ANTIQUE JEWELLERY \u00b7 Verlobungsringe \u00b7 Eheringe"},"image":{"@id":"https:\/\/antique-jewellery.de\/en\/#\/schema\/logo\/image\/"},"sameAs":["https:\/\/www.facebook.com\/rheinfrankantiquejewellery\/","https:\/\/www.instagram.com\/rheinfrank_antique_jewellery\/#"]}]}},"_links":{"self":[{"href":"https:\/\/antique-jewellery.de\/en\/wp-json\/wp\/v2\/product\/187893","targetHints":{"allow":["GET"]}}],"collection":[{"href":"https:\/\/antique-jewellery.de\/en\/wp-json\/wp\/v2\/product"}],"about":[{"href":"https:\/\/antique-jewellery.de\/en\/wp-json\/wp\/v2\/types\/product"}],"version-history":[{"count":1,"href":"https:\/\/antique-jewellery.de\/en\/wp-json\/wp\/v2\/product\/187893\/revisions"}],"predecessor-version":[{"id":190320,"href":"https:\/\/antique-jewellery.de\/en\/wp-json\/wp\/v2\/product\/187893\/revisions\/190320"}],"wp:featuredmedia":[{"embeddable":true,"href":"https:\/\/antique-jewellery.de\/en\/wp-json\/wp\/v2\/media\/175214"}],"wp:attachment":[{"href":"https:\/\/antique-jewellery.de\/en\/wp-json\/wp\/v2\/media?parent=187893"}],"wp:term":[{"taxonomy":"product_brand","embeddable":true,"href":"https:\/\/antique-jewellery.de\/en\/wp-json\/wp\/v2\/product_brand?post=187893"},{"taxonomy":"product_cat","embeddable":true,"href":"https:\/\/antique-jewellery.de\/en\/wp-json\/wp\/v2\/product_cat?post=187893"},{"taxonomy":"product_tag","embeddable":true,"href":"https:\/\/antique-jewellery.de\/en\/wp-json\/wp\/v2\/product_tag?post=187893"}],"curies":[{"name":"wp","href":"https:\/\/api.w.org\/{rel}","templated":true}]}}